{"id":1052,"date":"2025-08-06T13:19:10","date_gmt":"2025-08-06T11:19:10","guid":{"rendered":"https:\/\/briv-solutions.com\/?page_id=1052"},"modified":"2026-03-30T17:21:55","modified_gmt":"2026-03-30T15:21:55","slug":"centre-de-formation","status":"publish","type":"page","link":"https:\/\/briv-solutions.com\/index.php\/centre-de-formation\/","title":{"rendered":"Centre de formation"},"content":{"rendered":"<p>[vc_row row_content_display=&#8221;in_grid&#8221; row_content_display_align=&#8221;left&#8221; row_type=&#8221;row&#8221; stretch_row_type=&#8221;yes&#8221; css=&#8221;.vc_custom_1523842795230{padding-top: 50px !important;padding-bottom: 50px !important;}&#8221;][vc_column width=&#8221;3\/4&#8243;][vc_row_inner][vc_column_inner][vc_column_text]<\/p>\n<h3 class=\"ds-markdown-paragraph\"><strong>BRIV SOLUTIONS \u2013 Expertise en formations certifiantes<\/strong><\/h3>\n<p class=\"ds-markdown-paragraph\" style=\"text-align: justify;\">Agr\u00e9\u00e9 pour d\u00e9livrer des\u00a0<strong>formations certifiantes de qualit\u00e9<\/strong>, BRIV SOLUTIONS vous accompagne vers des\u00a0<strong>d\u00e9bouch\u00e9s concrets<\/strong>\u00a0et une r\u00e9elle mont\u00e9e en comp\u00e9tences.<\/p>\n<p class=\"ds-markdown-paragraph\" style=\"text-align: justify;\">Avec\u00a0<strong>plus de 15 ans d\u2019exp\u00e9rience<\/strong>\u00a0en formation continue, nous avons form\u00e9 et\u00a0<strong>certifi\u00e9 plus de 1 400 professionnels<\/strong>, les guidant avec succ\u00e8s dans leur\u00a0<strong>transformation professionnelle<\/strong>.<\/p>\n<p class=\"ds-markdown-paragraph\">Choisissez l\u2019expertise, choisissez la certification, choisissez\u00a0<strong>BRIV SOLUTIONS<\/strong>.<\/p>\n<p>[\/vc_column_text][\/vc_column_inner][\/vc_row_inner][vc_row_inner][vc_column_inner width=&#8221;1\/2&#8243;][vc_single_image image=&#8221;1258&#8243; img_size=&#8221;full&#8221;][\/vc_column_inner][vc_column_inner width=&#8221;1\/2&#8243;][vc_column_text]<\/p>\n<p style=\"text-align: justify;\"><span style=\"color: #808080;\"><strong>BRIV SOLUTION<\/strong> est un centre agr\u00e9e d\u00e9livrant des certificats de formation qualifi\u00e9s <strong>CAPT<\/strong>, agr\u00e9es par <strong>le Centre Nationale pour l&#8217;Autonomisation Economique et Entrepreneuriale.<\/strong><\/span><\/p>\n<p>[\/vc_column_text][\/vc_column_inner][\/vc_row_inner][vc_row_inner css=&#8221;.vc_custom_1523845375986{padding-top: 30px !important;}&#8221;][vc_column_inner width=&#8221;1\/2&#8243;][vc_single_image image=&#8221;1252&#8243; img_size=&#8221;full&#8221; css=&#8221;.vc_custom_1774882521810{margin-bottom: 0px !important;}&#8221; title=&#8221;Formation de Professional Agile Business Analyst&#8221;][vc_separator][vc_btn title=&#8221;Je m&#8217;inscris&#8221; color=&#8221;primary&#8221; i_icon_fontawesome=&#8221;fas fa-edit&#8221; add_icon=&#8221;true&#8221; link=&#8221;url:https%3A%2F%2Fbriv-solutions.com%2Findex.php%2Fformation-professional-agile-business-analyst%2F|title:Formation%20avanc%C3%A9e%20en%20SIG%20pour%20d%C3%A9butant%20(ArcGIS)||&#8221;][\/vc_column_inner][vc_column_inner width=&#8221;1\/2&#8243;][vc_single_image image=&#8221;1145&#8243; img_size=&#8221;full&#8221; css=&#8221;.vc_custom_1761822913737{margin-bottom: 0px !important;}&#8221; title=&#8221;Formation certifiante en Recrutement et Chasse de t\u00eates&#8221;][vc_separator][vc_btn title=&#8221;Je m&#8217;inscris&#8221; color=&#8221;primary&#8221; i_icon_fontawesome=&#8221;fas fa-edit&#8221; add_icon=&#8221;true&#8221; link=&#8221;url:https%3A%2F%2Fbriv-solutions.com%2Findex.php%2Fformation_recrutement%2F|title:Formation%20avanc%C3%A9e%20en%20SIG%20pour%20d%C3%A9butant%20(ArcGIS)||&#8221;][\/vc_column_inner][\/vc_row_inner][\/vc_column][vc_column width=&#8221;1\/4&#8243;][vc_column_text]<\/p>\n<h4><span style=\"color: #003366;\">Nos services<\/span><\/h4>\n<p>[\/vc_column_text]<div class=\"display-faq-section\"><ul><li ><a href=\"https:\/\/briv-solutions.com\/index.php\/case\/sdsi\/\">Conseil en Strat\u00e9gie Digitale (SDSI)<\/a><\/li><li ><a href=\"https:\/\/briv-solutions.com\/index.php\/case\/process-engineering\/\">Modernisation des Processus M\u00e9tiers<\/a><\/li><li ><a href=\"https:\/\/briv-solutions.com\/index.php\/case\/it-security\/\">Gouvernance et S\u00e9curit\u00e9 des Donn\u00e9es<\/a><\/li><li ><a href=\"https:\/\/briv-solutions.com\/index.php\/case\/e-gouvernance\/\">D\u00e9ploiement de l\u2019E-Gouvernance<\/a><\/li><\/ul><\/div>[vc_empty_space][vc_column_text]<\/p>\n<h4><span style=\"color: #003366;\">En vid\u00e9o<\/span><\/h4>\n<p>[\/vc_column_text][vc_video link=&#8221;https:\/\/www.youtube.com\/watch?v=DSXFs11Vkgw&#8221;][\/vc_column][\/vc_row]<\/p>\n","protected":false},"excerpt":{"rendered":"<p>[vc_row row_content_display=&#8221;in_grid&#8221; row_content_display_align=&#8221;left&#8221; row_type=&#8221;row&#8221; stretch_row_type=&#8221;yes&#8221; css=&#8221;.vc_custom_1523842795230{padding-top: 50px !important;padding-bottom: 50px !important;}&#8221;][vc_column width=&#8221;3\/4&#8243;][vc_row_inner][vc_column_inner][vc_column_text] BRIV SOLUTIONS \u2013 Expertise en formations certifiantes Agr\u00e9\u00e9 pour d\u00e9livrer des\u00a0formations certifiantes de qualit\u00e9, BRIV SOLUTIONS vous accompagne vers des\u00a0d\u00e9bouch\u00e9s concrets\u00a0et une r\u00e9elle mont\u00e9e en comp\u00e9tences. Avec\u00a0plus de 15 ans d\u2019exp\u00e9rience\u00a0en formation continue, nous avons form\u00e9 et\u00a0certifi\u00e9 plus de 1 400 professionnels, les guidant [&hellip;]<\/p>\n","protected":false},"author":1,"featured_media":0,"parent":0,"menu_order":0,"comment_status":"closed","ping_status":"closed","template":"","meta":{"_bbp_topic_count":0,"_bbp_reply_count":0,"_bbp_total_topic_count":0,"_bbp_total_reply_count":0,"_bbp_voice_count":0,"_bbp_anonymous_reply_count":0,"_bbp_topic_count_hidden":0,"_bbp_reply_count_hidden":0,"_bbp_forum_subforum_count":0,"footnotes":""},"class_list":["post-1052","page","type-page","status-publish","hentry"],"_links":{"self":[{"href":"https:\/\/briv-solutions.com\/index.php\/wp-json\/wp\/v2\/pages\/1052","targetHints":{"allow":["GET"]}}],"collection":[{"href":"https:\/\/briv-solutions.com\/index.php\/wp-json\/wp\/v2\/pages"}],"about":[{"href":"https:\/\/briv-solutions.com\/index.php\/wp-json\/wp\/v2\/types\/page"}],"author":[{"embeddable":true,"href":"https:\/\/briv-solutions.com\/index.php\/wp-json\/wp\/v2\/users\/1"}],"replies":[{"embeddable":true,"href":"https:\/\/briv-solutions.com\/index.php\/wp-json\/wp\/v2\/comments?post=1052"}],"version-history":[{"count":34,"href":"https:\/\/briv-solutions.com\/index.php\/wp-json\/wp\/v2\/pages\/1052\/revisions"}],"predecessor-version":[{"id":1259,"href":"https:\/\/briv-solutions.com\/index.php\/wp-json\/wp\/v2\/pages\/1052\/revisions\/1259"}],"wp:attachment":[{"href":"https:\/\/briv-solutions.com\/index.php\/wp-json\/wp\/v2\/media?parent=1052"}],"curies":[{"name":"wp","href":"https:\/\/api.w.org\/{rel}","templated":true}]}}