{"id":222,"date":"2018-05-07T03:47:50","date_gmt":"2018-05-07T03:47:50","guid":{"rendered":"http:\/\/demo.wpsmartapps.com\/themes\/iconsult\/one\/?page_id=222"},"modified":"2018-05-07T03:47:50","modified_gmt":"2018-05-07T03:47:50","slug":"portfolio-fitrows","status":"publish","type":"page","link":"https:\/\/briv-solutions.com\/index.php\/portfolio-fitrows\/","title":{"rendered":"Portfolio &#8211; FitRows"},"content":{"rendered":"<p>[vc_row row_content_display=&#8221;in_grid&#8221; row_content_display_align=&#8221;left&#8221; row_type=&#8221;row&#8221; stretch_row_type=&#8221;yes&#8221; css=&#8221;.vc_custom_1522647134926{padding-top: 10px !important;padding-bottom: 40px !important;}&#8221;][vc_column width=&#8221;3\/4&#8243;]<style>.title_color_0964 {  }<\/style><span><\/span><div class=\"portfolio-sorting-fitrows-section\" style=\"  padding:30px 0px;  \"><ul><li style=\"\" data-filter-masnory=\"*\" class=\"selected\"><span>All<\/span><\/li><li style=\"\" data-filter-masnory=\".digital-transformation\"><span>Digital Transformation<\/span><\/li><li style=\"\" data-filter-masnory=\".it-maintenance\"><span>IT Maintenance<\/span><\/li><li style=\"\" data-filter-masnory=\".process-re-engineering\"><span>Process re-engineering<\/span><\/li><li style=\"\" data-filter-masnory=\".technical-assistance\"><span>Technical Assistance<\/span><\/li><li style=\"\" data-filter-masnory=\".web-development\"><span>Web development<\/span><\/li><\/ul><\/div><div class=\"portfolio-readjust-container\"><div class=\"projects_holder portfolio-define-section isotope-container-grid\"><div class=\"col-md-4 col-sm-6 element-item portfolio-section-records  digital-transformation process-re-engineering \"><div class=\"portfolio-image\"><a href=\"https:\/\/briv-solutions.com\/index.php\/work\/ess\/\"><img loading=\"lazy\" decoding=\"async\" width=\"696\" height=\"525\" src=\"https:\/\/briv-solutions.com\/wp-content\/uploads\/2018\/05\/ESS-1-696x525.jpg\" class=\"hvr-float wp-post-image\" alt=\"\" \/><\/a><\/div><div class=\"portfolio-desc\"><a href=\"https:\/\/briv-solutions.com\/index.php\/work\/ess\/\"><h5 class=\"entry-title title_color_0964\"> Digitalisation de l\u2019entrepreneuriat en Economie Sociale et Solidaire<\/h5><\/a><span style=\"  \">Digital Transformation, Process re-engineering <\/span><\/div><\/div><div class=\"col-md-4 col-sm-6 element-item portfolio-section-records  process-re-engineering technical-assistance \"><div class=\"portfolio-image\"><a href=\"https:\/\/briv-solutions.com\/index.php\/work\/international-executive-assistant\/\"><img loading=\"lazy\" decoding=\"async\" width=\"700\" height=\"479\" src=\"https:\/\/briv-solutions.com\/wp-content\/uploads\/2026\/02\/AT-700x479.jpg\" class=\"hvr-float wp-post-image\" alt=\"\" \/><\/a><\/div><div class=\"portfolio-desc\"><a href=\"https:\/\/briv-solutions.com\/index.php\/work\/international-executive-assistant\/\"><h5 class=\"entry-title title_color_0964\"> Plateforme digitale pour le suivi et l\u2019\u00e9valuation de l\u2019entrepreneuriat agricole (G\u00e9n\u00e9ration green 2020-2030).<\/h5><\/a><span style=\"  \">Process re-engineering, Technical Assistance <\/span><\/div><\/div><div class=\"col-md-4 col-sm-6 element-item portfolio-section-records  it-maintenance process-re-engineering \"><div class=\"portfolio-image\"><a href=\"https:\/\/briv-solutions.com\/index.php\/work\/maintenance_agri\/\"><img loading=\"lazy\" decoding=\"async\" width=\"700\" height=\"460\" src=\"https:\/\/briv-solutions.com\/wp-content\/uploads\/2018\/05\/office-manager-768x460-1-700x460.jpg\" class=\"hvr-float wp-post-image\" alt=\"\" \/><\/a><\/div><div class=\"portfolio-desc\"><a href=\"https:\/\/briv-solutions.com\/index.php\/work\/maintenance_agri\/\"><h5 class=\"entry-title title_color_0964\"> Maintenance de la plateforme de suivi et d\u2019\u00e9valuation des projets agricole (G\u00e9n\u00e9ration green 2020-2030)<\/h5><\/a><span style=\"  \">IT Maintenance, Process re-engineering <\/span><\/div><\/div><div class=\"col-md-4 col-sm-6 element-item portfolio-section-records  technical-assistance \"><div class=\"portfolio-image\"><a href=\"https:\/\/briv-solutions.com\/index.php\/work\/client-discussion\/\"><img loading=\"lazy\" decoding=\"async\" width=\"700\" height=\"460\" src=\"https:\/\/briv-solutions.com\/wp-content\/uploads\/2018\/05\/office-manager-768x460-2-700x460.jpg\" class=\"hvr-float wp-post-image\" alt=\"\" \/><\/a><\/div><div class=\"portfolio-desc\"><a href=\"https:\/\/briv-solutions.com\/index.php\/work\/client-discussion\/\"><h5 class=\"entry-title title_color_0964\"> Plateforme digitale pour le suivi des projets relatifs aux terres collectives (G\u00e9n\u00e9ration green 2020-2030)<\/h5><\/a><span style=\"  \">Technical Assistance <\/span><\/div><\/div><div class=\"col-md-4 col-sm-6 element-item portfolio-section-records  erp formation sap web-development \"><div class=\"portfolio-image\"><a href=\"https:\/\/briv-solutions.com\/index.php\/work\/construction-of-a-new-building\/\"><img loading=\"lazy\" decoding=\"async\" width=\"700\" height=\"460\" src=\"https:\/\/briv-solutions.com\/wp-content\/uploads\/2018\/05\/office-manager-768x460-3-700x460.jpg\" class=\"hvr-float wp-post-image\" alt=\"\" \/><\/a><\/div><div class=\"portfolio-desc\"><a href=\"https:\/\/briv-solutions.com\/index.php\/work\/construction-of-a-new-building\/\"><h5 class=\"entry-title title_color_0964\"> Conception, d\u00e9veloppement et h\u00e9b\u00e9rgement du site web snsw.ma<\/h5><\/a><span style=\"  \">ERP, Formation, SAP, Web development <\/span><\/div><\/div><div class='filler'><\/div>\n<div class='filler'><\/div>\n<div class='filler'><\/div>\n<div class='filler'><\/div>\n<\/div><\/div>[\/vc_column][vc_column width=&#8221;1\/4&#8243; css=&#8221;.vc_custom_1523499809534{padding-top: 40px !important;}&#8221;]<h5>Portfolio<\/h5><div class=\"display-faq-section\"><ul><li ><a href=\"https:\/\/briv-solutions.com\/index.php\/work\/ess\/\">Digitalisation de l\u2019entrepreneuriat en Economie Sociale et Solidaire<\/a><\/li><li ><a href=\"https:\/\/briv-solutions.com\/index.php\/work\/international-executive-assistant\/\">Plateforme digitale pour le suivi et l\u2019\u00e9valuation de l\u2019entrepreneuriat agricole (G\u00e9n\u00e9ration green 2020-2030).<\/a><\/li><li ><a href=\"https:\/\/briv-solutions.com\/index.php\/work\/maintenance_agri\/\">Maintenance de la plateforme de suivi et d\u2019\u00e9valuation des projets agricole (G\u00e9n\u00e9ration green 2020-2030)<\/a><\/li><li ><a href=\"https:\/\/briv-solutions.com\/index.php\/work\/client-discussion\/\">Plateforme digitale pour le suivi des projets relatifs aux terres collectives (G\u00e9n\u00e9ration green 2020-2030)<\/a><\/li><li class=\"current-cat\"><a href=\"https:\/\/briv-solutions.com\/index.php\/work\/construction-of-a-new-building\/\">Conception, d\u00e9veloppement et h\u00e9b\u00e9rgement du site web snsw.ma<\/a><\/li><\/ul><\/div>[vc_empty_space][vc_column_text]<\/p>\n<h5>Request a Callback<\/h5>\n<div style=\"padding: 20px 20px 0px 20px; background: #e29908; color: #ffffff; border-radius: 5px;\">\n<p>You have questions? Contact us today, we\u2019re here to help. Just submit your details and we\u2019ll be in touch shortly.<\/p>\n<div class=\"custom-botton\"><a style=\"color: #ffffff;\" href=\"#service_landing\">Contact Us Now<\/a><\/div>\n<p>&nbsp;<\/p>\n<\/div>\n<p>[\/vc_column_text][\/vc_column][\/vc_row]<\/p>\n","protected":false},"excerpt":{"rendered":"<p>[vc_row row_content_display=&#8221;in_grid&#8221; row_content_display_align=&#8221;left&#8221; row_type=&#8221;row&#8221; stretch_row_type=&#8221;yes&#8221; css=&#8221;.vc_custom_1522647134926{padding-top: 10px !important;padding-bottom: 40px !important;}&#8221;][vc_column width=&#8221;3\/4&#8243;][\/vc_column][vc_column width=&#8221;1\/4&#8243; css=&#8221;.vc_custom_1523499809534{padding-top: 40px !important;}&#8221;][vc_empty_space][vc_column_text] Request a Callback You have questions? Contact us today, we\u2019re here to help. Just submit your details and we\u2019ll be in touch shortly. Contact Us Now &nbsp; [\/vc_column_text][\/vc_column][\/vc_row]<\/p>\n","protected":false},"author":1,"featured_media":0,"parent":0,"menu_order":0,"comment_status":"closed","ping_status":"closed","template":"full_width.php","meta":{"_bbp_topic_count":0,"_bbp_reply_count":0,"_bbp_total_topic_count":0,"_bbp_total_reply_count":0,"_bbp_voice_count":0,"_bbp_anonymous_reply_count":0,"_bbp_topic_count_hidden":0,"_bbp_reply_count_hidden":0,"_bbp_forum_subforum_count":0,"footnotes":""},"class_list":["post-222","page","type-page","status-publish","hentry"],"_links":{"self":[{"href":"https:\/\/briv-solutions.com\/index.php\/wp-json\/wp\/v2\/pages\/222","targetHints":{"allow":["GET"]}}],"collection":[{"href":"https:\/\/briv-solutions.com\/index.php\/wp-json\/wp\/v2\/pages"}],"about":[{"href":"https:\/\/briv-solutions.com\/index.php\/wp-json\/wp\/v2\/types\/page"}],"author":[{"embeddable":true,"href":"https:\/\/briv-solutions.com\/index.php\/wp-json\/wp\/v2\/users\/1"}],"replies":[{"embeddable":true,"href":"https:\/\/briv-solutions.com\/index.php\/wp-json\/wp\/v2\/comments?post=222"}],"version-history":[{"count":0,"href":"https:\/\/briv-solutions.com\/index.php\/wp-json\/wp\/v2\/pages\/222\/revisions"}],"wp:attachment":[{"href":"https:\/\/briv-solutions.com\/index.php\/wp-json\/wp\/v2\/media?parent=222"}],"curies":[{"name":"wp","href":"https:\/\/api.w.org\/{rel}","templated":true}]}}