{"id":245,"date":"2018-05-07T04:32:10","date_gmt":"2018-05-07T04:32:10","guid":{"rendered":"http:\/\/demo.wpsmartapps.com\/themes\/iconsult\/one\/?page_id=245"},"modified":"2025-05-19T16:43:52","modified_gmt":"2025-05-19T14:43:52","slug":"services","status":"publish","type":"page","link":"https:\/\/briv-solutions.com\/index.php\/services\/","title":{"rendered":"Nos prestations de services"},"content":{"rendered":"<p>[vc_row row_content_display=&#8221;in_grid&#8221; row_content_display_align=&#8221;left&#8221; row_type=&#8221;row&#8221; stretch_row_type=&#8221;yes&#8221; css=&#8221;.vc_custom_1523252148103{padding-top: 30px !important;padding-bottom: 30px !important;}&#8221;][vc_column width=&#8221;3\/4&#8243;]<style>.title_color_5767 {  }<\/style><span><\/span><div class=\"portfolio-sorting-fitrows-section\" style=\"  padding:25px 0px;  \"><ul><li style=\"\" data-filter-masnory=\"*\" class=\"selected\"><span>All<\/span><\/li><li style=\"\" data-filter-masnory=\".digital-transformation\"><span>Digital Transformation<\/span><\/li><li style=\"\" data-filter-masnory=\".it-security\"><span>IT Security<\/span><\/li><li style=\"\" data-filter-masnory=\".process-engineering\"><span>Process engineering<\/span><\/li><\/ul><\/div><div class=\"portfolio-readjust-container\"><div class=\"projects_holder portfolio-define-section isotope-container-grid\"><div class=\"col-md-4 col-sm-6 element-item portfolio-section-records  digital-transformation \"><div class=\"portfolio-image\"><a href=\"https:\/\/briv-solutions.com\/index.php\/case\/sdsi\/\"><img loading=\"lazy\" decoding=\"async\" width=\"700\" height=\"525\" src=\"https:\/\/briv-solutions.com\/wp-content\/uploads\/2021\/07\/Gemini_Generated_Image_jjywfijjywfijjyw-e1770123146180-700x525.png\" class=\"hvr-float wp-post-image\" alt=\"\" \/><\/a><\/div><div class=\"portfolio-desc\"><a href=\"https:\/\/briv-solutions.com\/index.php\/case\/sdsi\/\"><h5 class=\"entry-title title_color_5767\"> Conseil en Strat\u00e9gie Digitale (SDSI)<\/h5><\/a><span style=\"  \">Digital Transformation <\/span><\/div><\/div><div class=\"col-md-4 col-sm-6 element-item portfolio-section-records  process-engineering \"><div class=\"portfolio-image\"><a href=\"https:\/\/briv-solutions.com\/index.php\/case\/process-engineering\/\"><img loading=\"lazy\" decoding=\"async\" width=\"700\" height=\"525\" src=\"https:\/\/briv-solutions.com\/wp-content\/uploads\/2026\/02\/process-medernisation-700x525.png\" class=\"hvr-float wp-post-image\" alt=\"\" \/><\/a><\/div><div class=\"portfolio-desc\"><a href=\"https:\/\/briv-solutions.com\/index.php\/case\/process-engineering\/\"><h5 class=\"entry-title title_color_5767\"> Modernisation des Processus M\u00e9tiers<\/h5><\/a><span style=\"  \">Process engineering <\/span><\/div><\/div><div class=\"col-md-4 col-sm-6 element-item portfolio-section-records  it-security \"><div class=\"portfolio-image\"><a href=\"https:\/\/briv-solutions.com\/index.php\/case\/it-security\/\"><img loading=\"lazy\" decoding=\"async\" width=\"700\" height=\"525\" src=\"https:\/\/briv-solutions.com\/wp-content\/uploads\/2026\/02\/Gemini_Generated_Image_8ijpk18ijpk18ijp-700x525.png\" class=\"hvr-float wp-post-image\" alt=\"\" \/><\/a><\/div><div class=\"portfolio-desc\"><a href=\"https:\/\/briv-solutions.com\/index.php\/case\/it-security\/\"><h5 class=\"entry-title title_color_5767\"> Gouvernance et S\u00e9curit\u00e9 des Donn\u00e9es<\/h5><\/a><span style=\"  \">IT Security <\/span><\/div><\/div><div class=\"col-md-4 col-sm-6 element-item portfolio-section-records  digital-transformation \"><div class=\"portfolio-image\"><a href=\"https:\/\/briv-solutions.com\/index.php\/case\/e-gouvernance\/\"><img loading=\"lazy\" decoding=\"async\" width=\"700\" height=\"525\" src=\"https:\/\/briv-solutions.com\/wp-content\/uploads\/2026\/02\/Gemini_Generated_Image_1jkofb1jkofb1jko-700x525.png\" class=\"hvr-float wp-post-image\" alt=\"\" \/><\/a><\/div><div class=\"portfolio-desc\"><a href=\"https:\/\/briv-solutions.com\/index.php\/case\/e-gouvernance\/\"><h5 class=\"entry-title title_color_5767\"> D\u00e9ploiement de l\u2019E-Gouvernance<\/h5><\/a><span style=\"  \">Digital Transformation <\/span><\/div><\/div><div class='filler'><\/div>\n<div class='filler'><\/div>\n<div class='filler'><\/div>\n<div class='filler'><\/div>\n<\/div><\/div>[\/vc_column][vc_column width=&#8221;1\/4&#8243; css=&#8221;.vc_custom_1523247541653{padding-top: 35px !important;}&#8221;]<h5>Services<\/h5><div class=\"display-faq-section\"><ul><li ><a href=\"https:\/\/briv-solutions.com\/index.php\/case\/sdsi\/\">Conseil en Strat\u00e9gie Digitale (SDSI)<\/a><\/li><li ><a href=\"https:\/\/briv-solutions.com\/index.php\/case\/process-engineering\/\">Modernisation des Processus M\u00e9tiers<\/a><\/li><li ><a href=\"https:\/\/briv-solutions.com\/index.php\/case\/it-security\/\">Gouvernance et S\u00e9curit\u00e9 des Donn\u00e9es<\/a><\/li><li class=\"current-cat\"><a href=\"https:\/\/briv-solutions.com\/index.php\/case\/e-gouvernance\/\">D\u00e9ploiement de l\u2019E-Gouvernance<\/a><\/li><\/ul><\/div>[vc_empty_space height=&#8221;20px&#8221;][vc_column_text]<\/p>\n<h5>Demander un Rendez-vous<\/h5>\n<div style=\"padding: 20px; background: #e29908; color: #ffffff; border-radius: 5px;\">\n<p>Vous avez des questions? Contactez-nous d\u00e8s aujourd&#8217;hui, nous sommes l\u00e0 pour vous aider. Envoyez simplement vos coordonn\u00e9es et nous vous contacterons dans les plus brefs d\u00e9lais.<\/p>\n<div class=\"custom-botton\"><a style=\"color: #ffffff;\" href=\"#service_landing\">Contactez-nous Maintenant<\/a><\/div>\n<p>&nbsp;<\/p>\n<\/div>\n<p>[\/vc_column_text][\/vc_column][\/vc_row]<\/p>\n<p>[vc_row row_content_display=&#8221;in_grid&#8221; row_content_display_align=&#8221;left&#8221; row_type=&#8221;row&#8221; stretch_row_type=&#8221;yes&#8221; background_color=&#8221;#222222&#8243; background_linear_gradient_color_stretch=&#8221;#0a0a0a&#8221; bg_type=&#8221;bg_color&#8221; css=&#8221;.vc_custom_1747665570153{padding-top: 50px !important;padding-bottom: 50px !important;}&#8221; el_id=&#8221;service_landing&#8221; bg_color_value=&#8221;#e8e8e8&#8243;][vc_column width=&#8221;1\/3&#8243;][vc_column_text]<\/p>\n<h2 style=\"color: #dd9933;\">Consultation Gratuite<\/h2>\n<p style=\"color: #ffffff;\"><span style=\"color: #000000;\">Vous avez des questions? Contactez-nous d\u00e8s aujourd&#8217;hui, nous sommes l\u00e0 pour vous aider. Envoyez simplement vos coordonn\u00e9es et nous vous contacterons dans les plus brefs d\u00e9lais.<\/span><\/p>\n<p>[\/vc_column_text][\/vc_column][vc_column width=&#8221;2\/3&#8243;]<noscript class=\"ninja-forms-noscript-message\">\n\tRemarque\u00a0: JavaScript est requis pour ce contenu.<\/noscript>\n<div id=\"nf-form-6-cont\" class=\"nf-form-cont\" aria-live=\"polite\" aria-labelledby=\"nf-form-title-6\" aria-describedby=\"nf-form-errors-6\" role=\"form\">\n\n    <div class=\"nf-loading-spinner\"><\/div>\n\n<\/div>\n        <!-- That data is being printed as a workaround to page builders reordering the order of the scripts loaded-->\n        <script>var formDisplay=1;var nfForms=nfForms||[];var form=[];form.id='6';form.settings={\"objectType\":\"Form Setting\",\"editActive\":\"1\",\"title\":\"Enquiry\",\"created_at\":\"2025-05-19 11:27:21\",\"form_title\":\"Enquiry\",\"default_label_pos\":\"above\",\"show_title\":\"0\",\"clear_complete\":\"1\",\"hide_complete\":\"1\",\"logged_in\":\"0\",\"wrapper_class\":\"\",\"element_class\":\"\",\"key\":\"\",\"add_submit\":\"1\",\"currency\":\"\",\"unique_field_error\":\"A form with this value has already been submitted.\",\"not_logged_in_msg\":\"\",\"sub_limit_msg\":\"The form has reached its submission limit.\",\"calculations\":[],\"formContentData\":[\"prenom_1747650479257\",\"nom_1747650483371\",\"email_1523908522614\",\"numero_de_telephone_pour_vous_recontacter_1747650509441\",\"objet_1747650545981\",\"message_1747650576650\",\"pourrons-nous_vous_contacter_par_telephone_1747650603650\",\"periode_convenable_pour_vous_contacter_1747650620375\",\"envoyer_1747650643374\"],\"drawerDisabled\":\"\",\"allow_public_link\":0,\"embed_form\":\"\",\"form_title_heading_level\":\"3\",\"public_link\":\"https:\\\/\\\/briv-solutions.com\\\/ninja-forms\\\/6aegk\",\"public_link_key\":\"6aegk\",\"ninjaForms\":\"Ninja Forms\",\"changeEmailErrorMsg\":\"Veuillez saisir une adresse de messagerie valide. Ex\\u00a0: jean.dupont@gmail.com\",\"changeDateErrorMsg\":\"Veuillez saisir une date valide\\u00a0!\",\"confirmFieldErrorMsg\":\"Ces champs doivent correspondre\\u00a0!\",\"fieldNumberNumMinError\":\"Erreur de nombre min.\",\"fieldNumberNumMaxError\":\"Erreur de nombre max.\",\"fieldNumberIncrementBy\":\"Veuillez incr\\u00e9menter par \",\"fieldTextareaRTEInsertLink\":\"Ins\\u00e9rer un lien\",\"fieldTextareaRTEInsertMedia\":\"Ins\\u00e9rer un m\\u00e9dia\",\"fieldTextareaRTESelectAFile\":\"S\\u00e9lectionnez un fichier\",\"formErrorsCorrectErrors\":\"Veuillez corriger les erreurs avant d\\u2019envoyer ce formulaire.\",\"formHoneypot\":\"Si vous \\u00eates un \\u00eatre humain et que vous voyez ce champ, veuillez le laisser vide.\",\"validateRequiredField\":\"Ce champ est obligatoire.\",\"honeypotHoneypotError\":\"Erreur Honeypot\",\"fileUploadOldCodeFileUploadInProgress\":\"T\\u00e9l\\u00e9versement du fichier en cours.\",\"fileUploadOldCodeFileUpload\":\"T\\u00c9L\\u00c9VERSEMENT DE FICHIER\",\"currencySymbol\":false,\"fieldsMarkedRequired\":\"Les champs marqu\\u00e9s d\\u2019un <span class=\\\"ninja-forms-req-symbol\\\">*<\\\/span> sont obligatoires\",\"thousands_sep\":\"\\u00a0\",\"decimal_point\":\",\",\"siteLocale\":\"fr_FR\",\"dateFormat\":\"m\\\/d\\\/Y\",\"startOfWeek\":\"1\",\"of\":\"sur\",\"previousMonth\":\"Mois pr\\u00e9c\\u00e9dent\",\"nextMonth\":\"Mois suivant\",\"months\":[\"Janvier\",\"F\\u00e9vrier\",\"Mars\",\"Avril\",\"Mai\",\"Juin\",\"Juillet\",\"Ao\\u00fbt\",\"Septembre\",\"Octobre\",\"Novembre\",\"D\\u00e9cembre\"],\"monthsShort\":[\"Jan\",\"F\\u00e9v\",\"Mar\",\"Avr\",\"Mai\",\"Juin\",\"Juil\",\"Ao\\u00fb\",\"Sep\",\"Oct\",\"Nov\",\"D\\u00e9c\"],\"weekdays\":[\"Dimanche\",\"Lundi\",\"Mardi\",\"Mercredi\",\"Jeudi\",\"Vendredi\",\"Samedi\"],\"weekdaysShort\":[\"Dim\",\"Lun\",\"Mar\",\"Mer\",\"Jeu\",\"Ven\",\"Sam\"],\"weekdaysMin\":[\"Di\",\"Lu\",\"Ma\",\"Me\",\"Je\",\"Ve\",\"Sa\"],\"recaptchaConsentMissing\":\"reCaptcha validation couldn&#039;t load.\",\"recaptchaMissingCookie\":\"reCaptcha v3 validation couldn&#039;t load the cookie needed to submit the form.\",\"recaptchaConsentEvent\":\"Accept reCaptcha cookies before sending the form.\",\"currency_symbol\":\"\",\"beforeForm\":\"\",\"beforeFields\":\"\",\"afterFields\":\"\",\"afterForm\":\"\"};form.fields=[{\"objectType\":\"Field\",\"objectDomain\":\"fields\",\"editActive\":false,\"order\":1,\"idAttribute\":\"id\",\"label\":\"Pr\\u00e9nom\",\"type\":\"firstname\",\"key\":\"prenom_1747650479257\",\"label_pos\":\"above\",\"required\":1,\"default\":\"\",\"placeholder\":\"\",\"container_class\":\"one-half first\",\"element_class\":\"\",\"admin_label\":\"\",\"help_text\":\"\",\"custom_name_attribute\":\"fname\",\"field_label\":\"First Name\",\"field_key\":\"firstname_1523908368154\",\"personally_identifiable\":1,\"value\":\"\",\"drawerDisabled\":false,\"id\":133,\"beforeField\":\"\",\"afterField\":\"\",\"parentType\":\"firstname\",\"element_templates\":[\"firstname\",\"input\"],\"old_classname\":\"\",\"wrap_template\":\"wrap\"},{\"objectType\":\"Field\",\"objectDomain\":\"fields\",\"editActive\":false,\"order\":2,\"idAttribute\":\"id\",\"label\":\"Nom\",\"type\":\"lastname\",\"key\":\"nom_1747650483371\",\"label_pos\":\"above\",\"required\":1,\"default\":\"\",\"placeholder\":\"\",\"container_class\":\"one-half second\",\"element_class\":\"\",\"admin_label\":\"\",\"help_text\":\"\",\"custom_name_attribute\":\"lname\",\"drawerDisabled\":\"\",\"field_label\":\"Last Name\",\"field_key\":\"lastname_1523908369534\",\"personally_identifiable\":1,\"value\":\"\",\"id\":134,\"beforeField\":\"\",\"afterField\":\"\",\"parentType\":\"lastname\",\"element_templates\":[\"lastname\",\"input\"],\"old_classname\":\"\",\"wrap_template\":\"wrap\"},{\"objectType\":\"Field\",\"objectDomain\":\"fields\",\"editActive\":false,\"order\":3,\"idAttribute\":\"id\",\"label\":\"Email\",\"type\":\"email\",\"key\":\"email_1523908522614\",\"label_pos\":\"above\",\"required\":1,\"default\":\"\",\"placeholder\":\"\",\"container_class\":\"\",\"element_class\":\"\",\"admin_label\":\"\",\"help_text\":\"\",\"custom_name_attribute\":\"email\",\"field_label\":\"Email\",\"field_key\":\"email_1523908522614\",\"personally_identifiable\":1,\"value\":\"\",\"id\":135,\"beforeField\":\"\",\"afterField\":\"\",\"parentType\":\"email\",\"element_templates\":[\"email\",\"input\"],\"old_classname\":\"\",\"wrap_template\":\"wrap\"},{\"objectType\":\"Field\",\"objectDomain\":\"fields\",\"editActive\":false,\"order\":4,\"idAttribute\":\"id\",\"label\":\"Num\\u00e9ro de t\\u00e9l\\u00e9phone (pour vous recontacter)\",\"type\":\"phone\",\"key\":\"numero_de_telephone_pour_vous_recontacter_1747650509441\",\"label_pos\":\"above\",\"required\":1,\"default\":\"\",\"placeholder\":\"\",\"container_class\":\"\",\"element_class\":\"\",\"input_limit\":\"\",\"input_limit_type\":\"characters\",\"input_limit_msg\":\"Character(s) left\",\"manual_key\":\"\",\"admin_label\":\"\",\"help_text\":\"\",\"mask\":\"\",\"custom_mask\":\"\",\"custom_name_attribute\":\"phone\",\"field_label\":\"Phone\",\"field_key\":\"phone_1523908588264\",\"personally_identifiable\":1,\"value\":\"\",\"id\":136,\"beforeField\":\"\",\"afterField\":\"\",\"parentType\":\"textbox\",\"element_templates\":[\"tel\",\"textbox\",\"input\"],\"old_classname\":\"\",\"wrap_template\":\"wrap\"},{\"objectType\":\"Field\",\"objectDomain\":\"fields\",\"editActive\":false,\"order\":6,\"idAttribute\":\"id\",\"type\":\"listselect\",\"label\":\"Objet\",\"key\":\"objet_1747650545981\",\"label_pos\":\"above\",\"required\":1,\"options\":[{\"errors\":[],\"max_options\":0,\"label\":\"Demande de devis\",\"value\":\"choice1\",\"calc\":1,\"selected\":0,\"order\":0,\"settingModel\":{\"settings\":false,\"hide_merge_tags\":false,\"error\":false,\"name\":\"options\",\"type\":\"option-repeater\",\"label\":\"Options <a href=\\\"#\\\" class=\\\"nf-add-new\\\">Ajouter<\\\/a> <a href=\\\"#\\\" class=\\\"extra nf-open-import-tooltip\\\"><i class=\\\"fa fa-sign-in\\\" aria-hidden=\\\"true\\\"><\\\/i> Importer<\\\/a>\",\"width\":\"full\",\"group\":\"\",\"value\":[{\"label\":\"Un\",\"value\":\"un\",\"calc\":\"\",\"selected\":0,\"order\":0},{\"label\":\"Deux\",\"value\":\"deux\",\"calc\":\"\",\"selected\":0,\"order\":1},{\"label\":\"Trois\",\"value\":\"trois\",\"calc\":\"\",\"selected\":0,\"order\":2}],\"columns\":{\"label\":{\"header\":\"Libell\\u00e9\",\"default\":\"\"},\"value\":{\"header\":\"Valeur\",\"default\":\"\"},\"calc\":{\"header\":\"Valeur de calcul\",\"default\":\"\"},\"selected\":{\"header\":\"<span class=\\\"dashicons dashicons-yes\\\"><\\\/span>\",\"default\":0}}},\"manual_value\":true},{\"errors\":[],\"max_options\":0,\"label\":\"Demande d'information\",\"value\":\"choice2\",\"calc\":2,\"selected\":0,\"order\":1,\"settingModel\":{\"settings\":false,\"hide_merge_tags\":false,\"error\":false,\"name\":\"options\",\"type\":\"option-repeater\",\"label\":\"Options <a href=\\\"#\\\" class=\\\"nf-add-new\\\">Ajouter<\\\/a> <a href=\\\"#\\\" class=\\\"extra nf-open-import-tooltip\\\"><i class=\\\"fa fa-sign-in\\\" aria-hidden=\\\"true\\\"><\\\/i> Importer<\\\/a>\",\"width\":\"full\",\"group\":\"\",\"value\":[{\"label\":\"Un\",\"value\":\"un\",\"calc\":\"\",\"selected\":0,\"order\":0},{\"label\":\"Deux\",\"value\":\"deux\",\"calc\":\"\",\"selected\":0,\"order\":1},{\"label\":\"Trois\",\"value\":\"trois\",\"calc\":\"\",\"selected\":0,\"order\":2}],\"columns\":{\"label\":{\"header\":\"Libell\\u00e9\",\"default\":\"\"},\"value\":{\"header\":\"Valeur\",\"default\":\"\"},\"calc\":{\"header\":\"Valeur de calcul\",\"default\":\"\"},\"selected\":{\"header\":\"<span class=\\\"dashicons dashicons-yes\\\"><\\\/span>\",\"default\":0}}},\"manual_value\":true},{\"errors\":[],\"max_options\":0,\"label\":\"Autres\",\"value\":\"choice3\",\"calc\":3,\"selected\":0,\"order\":2,\"settingModel\":{\"settings\":false,\"hide_merge_tags\":false,\"error\":false,\"name\":\"options\",\"type\":\"option-repeater\",\"label\":\"Options <a href=\\\"#\\\" class=\\\"nf-add-new\\\">Ajouter<\\\/a> <a href=\\\"#\\\" class=\\\"extra nf-open-import-tooltip\\\"><i class=\\\"fa fa-sign-in\\\" aria-hidden=\\\"true\\\"><\\\/i> Importer<\\\/a>\",\"width\":\"full\",\"group\":\"\",\"value\":[{\"label\":\"Un\",\"value\":\"un\",\"calc\":\"\",\"selected\":0,\"order\":0},{\"label\":\"Deux\",\"value\":\"deux\",\"calc\":\"\",\"selected\":0,\"order\":1},{\"label\":\"Trois\",\"value\":\"trois\",\"calc\":\"\",\"selected\":0,\"order\":2}],\"columns\":{\"label\":{\"header\":\"Libell\\u00e9\",\"default\":\"\"},\"value\":{\"header\":\"Valeur\",\"default\":\"\"},\"calc\":{\"header\":\"Valeur de calcul\",\"default\":\"\"},\"selected\":{\"header\":\"<span class=\\\"dashicons dashicons-yes\\\"><\\\/span>\",\"default\":0}}},\"manual_value\":true}],\"container_class\":\"\",\"element_class\":\"\",\"admin_label\":\"\",\"help_text\":\"\",\"drawerDisabled\":\"\",\"field_label\":\"Enquiry Type\",\"field_key\":\"enquiry_type_1523908495090\",\"id\":138,\"beforeField\":\"\",\"afterField\":\"\",\"value\":\"\",\"parentType\":\"list\",\"element_templates\":[\"listselect\",\"input\"],\"old_classname\":\"list-select\",\"wrap_template\":\"wrap\"},{\"objectType\":\"Field\",\"objectDomain\":\"fields\",\"editActive\":false,\"order\":7,\"idAttribute\":\"id\",\"label\":\"Message\",\"type\":\"textarea\",\"key\":\"message_1747650576650\",\"label_pos\":\"above\",\"required\":1,\"default\":\"\",\"placeholder\":\"\",\"container_class\":\"\",\"element_class\":\"\",\"input_limit\":\"\",\"input_limit_type\":\"characters\",\"input_limit_msg\":\"Character(s) left\",\"manual_key\":\"\",\"admin_label\":\"\",\"help_text\":\"\",\"textarea_rte\":\"\",\"disable_rte_mobile\":\"\",\"textarea_media\":\"\",\"field_label\":\"Details\",\"field_key\":\"details_1523908537286\",\"value\":\"\",\"drawerDisabled\":false,\"id\":139,\"beforeField\":\"\",\"afterField\":\"\",\"parentType\":\"textarea\",\"element_templates\":[\"textarea\",\"input\"],\"old_classname\":\"\",\"wrap_template\":\"wrap\"},{\"objectType\":\"Field\",\"objectDomain\":\"fields\",\"editActive\":false,\"order\":8,\"idAttribute\":\"id\",\"type\":\"checkbox\",\"label\":\"Pourrons-nous vous contacter par t\\u00e9l\\u00e9phone?\",\"key\":\"pourrons-nous_vous_contacter_par_telephone_1747650603650\",\"label_pos\":\"right\",\"required\":0,\"container_class\":\"\",\"element_class\":\"\",\"manual_key\":\"\",\"admin_label\":\"\",\"help_text\":\"\",\"default_value\":\"unchecked\",\"checked_value\":\"Checked\",\"unchecked_value\":\"Unchecked\",\"drawerDisabled\":\"\",\"field_label\":\"May We Contact You?\",\"field_key\":\"may_we_contact_you_1523908579864\",\"checked_calc_value\":\"\",\"unchecked_calc_value\":\"\",\"id\":140,\"beforeField\":\"\",\"afterField\":\"\",\"value\":\"\",\"parentType\":\"checkbox\",\"element_templates\":[\"checkbox\",\"input\"],\"old_classname\":\"\",\"wrap_template\":\"wrap\"},{\"objectType\":\"Field\",\"objectDomain\":\"fields\",\"editActive\":false,\"order\":9,\"idAttribute\":\"id\",\"label\":\"P\\u00e9riode convenable pour vous contacter ?\",\"type\":\"listselect\",\"key\":\"periode_convenable_pour_vous_contacter_1747650620375\",\"label_pos\":\"above\",\"required\":\"\",\"options\":[{\"errors\":[],\"max_options\":0,\"label\":\"Matin\\u00e9\",\"value\":\"morning\",\"calc\":1,\"selected\":0,\"order\":0,\"settingModel\":{\"settings\":false,\"hide_merge_tags\":false,\"error\":false,\"name\":\"options\",\"type\":\"option-repeater\",\"label\":\"Options <a href=\\\"#\\\" class=\\\"nf-add-new\\\">Ajouter<\\\/a> <a href=\\\"#\\\" class=\\\"extra nf-open-import-tooltip\\\"><i class=\\\"fa fa-sign-in\\\" aria-hidden=\\\"true\\\"><\\\/i> Importer<\\\/a>\",\"width\":\"full\",\"group\":\"\",\"value\":[{\"label\":\"Un\",\"value\":\"un\",\"calc\":\"\",\"selected\":0,\"order\":0},{\"label\":\"Deux\",\"value\":\"deux\",\"calc\":\"\",\"selected\":0,\"order\":1},{\"label\":\"Trois\",\"value\":\"trois\",\"calc\":\"\",\"selected\":0,\"order\":2}],\"columns\":{\"label\":{\"header\":\"Libell\\u00e9\",\"default\":\"\"},\"value\":{\"header\":\"Valeur\",\"default\":\"\"},\"calc\":{\"header\":\"Valeur de calcul\",\"default\":\"\"},\"selected\":{\"header\":\"<span class=\\\"dashicons dashicons-yes\\\"><\\\/span>\",\"default\":0}}},\"manual_value\":true},{\"errors\":[],\"max_options\":0,\"label\":\"Apr\\u00e8s-midi\",\"value\":\"afternoon\",\"calc\":2,\"selected\":0,\"order\":1,\"settingModel\":{\"settings\":false,\"hide_merge_tags\":false,\"error\":false,\"name\":\"options\",\"type\":\"option-repeater\",\"label\":\"Options <a href=\\\"#\\\" class=\\\"nf-add-new\\\">Ajouter<\\\/a> <a href=\\\"#\\\" class=\\\"extra nf-open-import-tooltip\\\"><i class=\\\"fa fa-sign-in\\\" aria-hidden=\\\"true\\\"><\\\/i> Importer<\\\/a>\",\"width\":\"full\",\"group\":\"\",\"value\":[{\"label\":\"Un\",\"value\":\"un\",\"calc\":\"\",\"selected\":0,\"order\":0},{\"label\":\"Deux\",\"value\":\"deux\",\"calc\":\"\",\"selected\":0,\"order\":1},{\"label\":\"Trois\",\"value\":\"trois\",\"calc\":\"\",\"selected\":0,\"order\":2}],\"columns\":{\"label\":{\"header\":\"Libell\\u00e9\",\"default\":\"\"},\"value\":{\"header\":\"Valeur\",\"default\":\"\"},\"calc\":{\"header\":\"Valeur de calcul\",\"default\":\"\"},\"selected\":{\"header\":\"<span class=\\\"dashicons dashicons-yes\\\"><\\\/span>\",\"default\":0}}},\"manual_value\":true},{\"errors\":[],\"max_options\":0,\"label\":\"Soir\",\"value\":\"evening\",\"calc\":3,\"selected\":0,\"order\":2,\"settingModel\":{\"settings\":false,\"hide_merge_tags\":false,\"error\":false,\"name\":\"options\",\"type\":\"option-repeater\",\"label\":\"Options <a href=\\\"#\\\" class=\\\"nf-add-new\\\">Ajouter<\\\/a> <a href=\\\"#\\\" class=\\\"extra nf-open-import-tooltip\\\"><i class=\\\"fa fa-sign-in\\\" aria-hidden=\\\"true\\\"><\\\/i> Importer<\\\/a>\",\"width\":\"full\",\"group\":\"\",\"value\":[{\"label\":\"Un\",\"value\":\"un\",\"calc\":\"\",\"selected\":0,\"order\":0},{\"label\":\"Deux\",\"value\":\"deux\",\"calc\":\"\",\"selected\":0,\"order\":1},{\"label\":\"Trois\",\"value\":\"trois\",\"calc\":\"\",\"selected\":0,\"order\":2}],\"columns\":{\"label\":{\"header\":\"Libell\\u00e9\",\"default\":\"\"},\"value\":{\"header\":\"Valeur\",\"default\":\"\"},\"calc\":{\"header\":\"Valeur de calcul\",\"default\":\"\"},\"selected\":{\"header\":\"<span class=\\\"dashicons dashicons-yes\\\"><\\\/span>\",\"default\":0}}},\"manual_value\":true}],\"container_class\":\"\",\"element_class\":\"\",\"admin_label\":\"\",\"help_text\":\"\",\"drawerDisabled\":\"\",\"field_label\":\"Best Time to Call\",\"field_key\":\"best_time_to_call_1523908689926\",\"id\":141,\"beforeField\":\"\",\"afterField\":\"\",\"value\":\"\",\"parentType\":\"list\",\"element_templates\":[\"listselect\",\"input\"],\"old_classname\":\"list-select\",\"wrap_template\":\"wrap\"},{\"objectType\":\"Field\",\"objectDomain\":\"fields\",\"editActive\":false,\"order\":10,\"idAttribute\":\"id\",\"type\":\"submit\",\"label\":\"Envoyer\",\"processing_label\":\"En cours de traitement\",\"container_class\":\"\",\"element_class\":\"\",\"key\":\"envoyer_1747650643374\",\"field_label\":\"Submit\",\"field_key\":\"submit_1523908548082\",\"admin_label\":\"\",\"drawerDisabled\":false,\"id\":142,\"beforeField\":\"\",\"afterField\":\"\",\"value\":\"\",\"label_pos\":\"above\",\"parentType\":\"textbox\",\"element_templates\":[\"submit\",\"button\",\"input\"],\"old_classname\":\"\",\"wrap_template\":\"wrap-no-label\"}];nfForms.push(form);<\/script>\n        [\/vc_column][\/vc_row]<\/p>\n","protected":false},"excerpt":{"rendered":"<p>[vc_row row_content_display=&#8221;in_grid&#8221; row_content_display_align=&#8221;left&#8221; row_type=&#8221;row&#8221; stretch_row_type=&#8221;yes&#8221; css=&#8221;.vc_custom_1523252148103{padding-top: 30px !important;padding-bottom: 30px !important;}&#8221;][vc_column width=&#8221;3\/4&#8243;][\/vc_column][vc_column width=&#8221;1\/4&#8243; css=&#8221;.vc_custom_1523247541653{padding-top: 35px !important;}&#8221;][vc_empty_space height=&#8221;20px&#8221;][vc_column_text] Demander un Rendez-vous Vous avez des questions? Contactez-nous d\u00e8s aujourd&#8217;hui, nous sommes l\u00e0 pour vous aider. Envoyez simplement vos coordonn\u00e9es et nous vous contacterons dans les plus brefs d\u00e9lais. Contactez-nous Maintenant &nbsp; [\/vc_column_text][\/vc_column][\/vc_row] [vc_row row_content_display=&#8221;in_grid&#8221; row_content_display_align=&#8221;left&#8221; row_type=&#8221;row&#8221; stretch_row_type=&#8221;yes&#8221; background_color=&#8221;#222222&#8243; [&hellip;]<\/p>\n","protected":false},"author":1,"featured_media":0,"parent":0,"menu_order":0,"comment_status":"closed","ping_status":"closed","template":"full_width.php","meta":{"_bbp_topic_count":0,"_bbp_reply_count":0,"_bbp_total_topic_count":0,"_bbp_total_reply_count":0,"_bbp_voice_count":0,"_bbp_anonymous_reply_count":0,"_bbp_topic_count_hidden":0,"_bbp_reply_count_hidden":0,"_bbp_forum_subforum_count":0,"footnotes":""},"class_list":["post-245","page","type-page","status-publish","hentry"],"_links":{"self":[{"href":"https:\/\/briv-solutions.com\/index.php\/wp-json\/wp\/v2\/pages\/245","targetHints":{"allow":["GET"]}}],"collection":[{"href":"https:\/\/briv-solutions.com\/index.php\/wp-json\/wp\/v2\/pages"}],"about":[{"href":"https:\/\/briv-solutions.com\/index.php\/wp-json\/wp\/v2\/types\/page"}],"author":[{"embeddable":true,"href":"https:\/\/briv-solutions.com\/index.php\/wp-json\/wp\/v2\/users\/1"}],"replies":[{"embeddable":true,"href":"https:\/\/briv-solutions.com\/index.php\/wp-json\/wp\/v2\/comments?post=245"}],"version-history":[{"count":9,"href":"https:\/\/briv-solutions.com\/index.php\/wp-json\/wp\/v2\/pages\/245\/revisions"}],"predecessor-version":[{"id":952,"href":"https:\/\/briv-solutions.com\/index.php\/wp-json\/wp\/v2\/pages\/245\/revisions\/952"}],"wp:attachment":[{"href":"https:\/\/briv-solutions.com\/index.php\/wp-json\/wp\/v2\/media?parent=245"}],"curies":[{"name":"wp","href":"https:\/\/api.w.org\/{rel}","templated":true}]}}