{"id":459,"date":"2020-12-01T22:20:19","date_gmt":"2020-12-01T21:20:19","guid":{"rendered":"http:\/\/briv-solutions.com\/?page_id=459"},"modified":"2020-12-03T22:22:28","modified_gmt":"2020-12-03T21:22:28","slug":"chef-de-projet-sirh","status":"publish","type":"page","link":"https:\/\/briv-solutions.com\/index.php\/chef-de-projet-sirh\/","title":{"rendered":"Chef de projet SIRH"},"content":{"rendered":"<p>[vc_row row_content_display=&#8221;in_grid&#8221; row_content_display_align=&#8221;left&#8221; row_type=&#8221;row&#8221; stretch_row_type=&#8221;yes&#8221; css=&#8221;.vc_custom_1523897006813{padding-top: 50px !important;padding-bottom: 50px !important;}&#8221;][vc_column width=&#8221;2\/3&#8243;][vc_column_text]<\/p>\n<p><strong>BVS\u00ae\u00a0<\/strong>est un cabinet conseil pluridisciplinaire fond\u00e9 en par\u00a0<b>une \u00e9quipe de plus de 10 ans d\u2019exp\u00e9rience sur le march\u00e9<\/b>\u00a0qui offre une expertise de plusieurs ann\u00e9es dans le domaine de recrutement, la gestion de projet, les syst\u00e8mes d\u2019information et les syst\u00e8mes d\u2019informations g\u00e9ographiques. Nous sommes principalement une structure de veille professionnelle qui, et gr\u00e2ce \u00e0 son talent, analyse et met en valeur les points forts de ses clients afin de les orienter vers les solutions qui leur permettront de r\u00e9ussir tout type de projet.<\/p>\n<p>&nbsp;<\/p>\n<p><b>Poste:<\/b><\/p>\n<p>Nous recrutons pour un organisme financier, un\u00a0<b>Chef de projet SIRH<\/b>\u00a0en Freelance.<\/p>\n<p>Missions:<\/p>\n<p>Il prendra en charge l\u2019\u00e9tape de cadrage du projet de la mise en place d\u2019un outil SIRH. Il va assurer l\u2019interface avec les filiales, l\u2019\u00e9diteur et la ma\u00eetrise d\u2019\u0153uvre:<\/p>\n<ul>\n<li>Fournir l\u2019expertise m\u00e9tier SIRH et gestion de paie;<\/li>\n<li>D\u00e9finir les besoins en terme des ressources humaines et de comp\u00e9tences techniques;<\/li>\n<li>Elaborer le cahier des charges fonctionnel et superviser la r\u00e9daction des sp\u00e9cifications d\u00e9taill\u00e9es du projet;<\/li>\n<li>Analyser les contraintes techniques et identifier les solutions possibles;<\/li>\n<li>Am\u00e9liorer les proc\u00e9dures RH \u00e0 travers de l\u2019outil informatique;<\/li>\n<li>Evaluer les risques (co\u00fbts\/d\u00e9lais) pouvant intervenir en cours de r\u00e9alisation;<\/li>\n<li>Fournir le support au filiales sur les diff\u00e9rents sujets relatifs au SIRH et Paie;<\/li>\n<li>Fiabilisation des donn\u00e9es en lien avec les services;<\/li>\n<li>Piloter, mesurer l\u2019\u00e9tat d\u2019avancement (cr\u00e9ation des tableaux de bord, suivi des indicateurs, planification des comit\u00e9s de pilotage, \u2026);<\/li>\n<li>R\u00e9aliser les livrables projets SIRH;<\/li>\n<li>R\u00e9aliser le reporting aupr\u00e8s des interlocuteurs concern\u00e9s;<\/li>\n<li>Superviser, coordonner et animer l\u2019\u00e9quipe projets;<\/li>\n<li>Concevoir et dispenser les formations aux utilisateurs des outils RH.<\/li>\n<\/ul>\n<p>&nbsp;<\/p>\n<p><b>Profil:<\/b><\/p>\n<p>Ing\u00e9nieur Bac+5 en Informatique ou \u00e9quivalent, vous justifiez d\u2019une exp\u00e9rience minimale de 8 ans en ma\u00eetrise d\u2019ouvrage informatique et pilotage de projets.<\/p>\n<p>&nbsp;<\/p>\n<p><b>Comp\u00e9tences requises:<\/b><\/p>\n<ul>\n<li>Bonne connaissance en outils informatiques en ressources humaines;<\/li>\n<li>Bonne connaissance en gestion de paie;<\/li>\n<li>Comp\u00e9tences de suivi de projet et de conduite du changement;<\/li>\n<li>Expertise en gestion de projet d\u2019impl\u00e9mentation d\u2019outil SIRH;<\/li>\n<li>Ma\u00eetrise de l\u2019architecture applicative Saas \/ SIRH;<\/li>\n<li>Ma\u00eetrise des m\u00e9thodologies de projets;<\/li>\n<li>Comp\u00e9tence en animation de r\u00e9union;<\/li>\n<li>Adaptabilit\u00e9 aux \u00e9volutions fonctionnelles;<\/li>\n<li>Ma\u00eetrise de la r\u00e9daction et de la cartographie des processus;<\/li>\n<li>Anglais courant : \u00e9changes \u00e0 l\u2019\u00e9crit et \u00e0 l\u2019oral.<\/li>\n<\/ul>\n<p>&nbsp;<\/p>\n<p><b>Aptitudes personnelles:<\/b><\/p>\n<ul>\n<li>Autonomie et esprit d\u2019\u00e9quipe;<\/li>\n<li>Adaptabilit\u00e9 aux \u00e9volutions fonctionnelles et go\u00fbt pour l\u2019innovation;<\/li>\n<li>Bonnes capacit\u00e9s d\u2019analyse et r\u00e9dactionnelles;<\/li>\n<li>Bonnes comp\u00e9tences r\u00e9dactionnelles et bonne utilisation des outils informatiques.<\/li>\n<\/ul>\n<p>&nbsp;<\/p>\n<p>Les candidats int\u00e9ress\u00e9s r\u00e9pondant aux crit\u00e8res ci-dessus sont pri\u00e9s d\u2019envoyer leur CV par e-mail:\u00a0<strong>recruitment@briv-solutions.com<\/strong>[\/vc_column_text][vc_row_inner][vc_column_inner][vc_column_text]<\/p>\n<h3><strong>Postulez directement depuis cette annonce<\/strong><\/h3>\n<p>[\/vc_column_text]\n<div class=\"wpcf7 no-js\" id=\"wpcf7-f488-o1\" lang=\"fr-FR\" dir=\"ltr\" data-wpcf7-id=\"488\">\n<div class=\"screen-reader-response\"><p role=\"status\" aria-live=\"polite\" aria-atomic=\"true\"><\/p> <ul><\/ul><\/div>\n<form action=\"\/index.php\/wp-json\/wp\/v2\/pages\/459#wpcf7-f488-o1\" method=\"post\" class=\"wpcf7-form init\" aria-label=\"Formulaire de contact\" enctype=\"multipart\/form-data\" novalidate=\"novalidate\" data-status=\"init\">\n<div style=\"display: none;\">\n<input type=\"hidden\" name=\"_wpcf7\" value=\"488\" \/>\n<input type=\"hidden\" name=\"_wpcf7_version\" value=\"6.0.6\" \/>\n<input type=\"hidden\" name=\"_wpcf7_locale\" value=\"fr_FR\" \/>\n<input type=\"hidden\" name=\"_wpcf7_unit_tag\" value=\"wpcf7-f488-o1\" \/>\n<input type=\"hidden\" name=\"_wpcf7_container_post\" value=\"0\" \/>\n<input type=\"hidden\" name=\"_wpcf7_posted_data_hash\" value=\"\" \/>\n<\/div>\n<p><label> Votre nom (obligatoire)<br \/>\n<span class=\"wpcf7-form-control-wrap\" data-name=\"your-name\"><input size=\"40\" maxlength=\"400\" class=\"wpcf7-form-control wpcf7-text wpcf7-validates-as-required\" aria-required=\"true\" aria-invalid=\"false\" value=\"\" type=\"text\" name=\"your-name\" \/><\/span> <\/label>\n<\/p>\n<p><label> Votre t\u00e9l\u00e9phone (obligatoire)<br \/>\n<span class=\"wpcf7-form-control-wrap\" data-name=\"tel-804\"><input size=\"40\" maxlength=\"400\" class=\"wpcf7-form-control wpcf7-tel wpcf7-validates-as-required wpcf7-text wpcf7-validates-as-tel\" aria-required=\"true\" aria-invalid=\"false\" value=\"\" type=\"tel\" name=\"tel-804\" \/><\/span> <\/label>\n<\/p>\n<p><label> Votre email (obligatoire)<br \/>\n<span class=\"wpcf7-form-control-wrap\" data-name=\"your-email\"><input size=\"40\" maxlength=\"400\" class=\"wpcf7-form-control wpcf7-email wpcf7-validates-as-required wpcf7-text wpcf7-validates-as-email\" aria-required=\"true\" aria-invalid=\"false\" value=\"\" type=\"email\" name=\"your-email\" \/><\/span> <\/label>\n<\/p>\n<p><label> Votre dipl\u00f4me obtenu<br \/>\n<span class=\"wpcf7-form-control-wrap\" data-name=\"textarea-82\"><textarea cols=\"40\" rows=\"10\" maxlength=\"2000\" class=\"wpcf7-form-control wpcf7-textarea\" aria-invalid=\"false\" name=\"textarea-82\"><\/textarea><\/span> <\/label>\n<\/p>\n<p><label> Ann\u00e9e d'obtention du dipl\u00f4me<br \/>\n<span class=\"wpcf7-form-control-wrap\" data-name=\"number-786\"><input class=\"wpcf7-form-control wpcf7-number wpcf7-validates-as-number\" aria-invalid=\"false\" value=\"\" type=\"number\" name=\"number-786\" \/><\/span> <\/label>\n<\/p>\n<p><label> Votre niveau d'\u00e9tudes<br \/>\n<span class=\"wpcf7-form-control-wrap\" data-name=\"menu-507\"><select class=\"wpcf7-form-control wpcf7-select\" aria-invalid=\"false\" name=\"menu-507\"><option value=\"\"><\/option><option value=\"Niveau Bac\">Niveau Bac<\/option><option value=\"Baccalaur\u00e9at\">Baccalaur\u00e9at<\/option><option value=\"Bac + 1\">Bac + 1<\/option><option value=\"Bac + 2\">Bac + 2<\/option><option value=\"Bac + 3\">Bac + 3<\/option><option value=\"Bac + 4\">Bac + 4<\/option><option value=\"Bac + 5 ou plus\">Bac + 5 ou plus<\/option><\/select><\/span> <\/label>\n<\/p>\n<p><label> Votre poste actuel<br \/>\n<span class=\"wpcf7-form-control-wrap\" data-name=\"text-909\"><input size=\"40\" maxlength=\"400\" class=\"wpcf7-form-control wpcf7-text\" aria-invalid=\"false\" value=\"\" type=\"text\" name=\"text-909\" \/><\/span> <\/label>\n<\/p>\n<p><label> Vos ann\u00e9es d'exp\u00e9rience<br \/>\n<span class=\"wpcf7-form-control-wrap\" data-name=\"menu-218\"><select class=\"wpcf7-form-control wpcf7-select wpcf7-validates-as-required\" aria-required=\"true\" aria-invalid=\"false\" name=\"menu-218\"><option value=\"\"><\/option><option value=\"Moins d&#039;un an\">Moins d&#039;un an<\/option><option value=\"1 an\">1 an<\/option><option value=\"1 \u00e0 3 ans\">1 \u00e0 3 ans<\/option><option value=\"3 \u00e0 5 ans\">3 \u00e0 5 ans<\/option><option value=\"5 ans ou plus\">5 ans ou plus<\/option><\/select><\/span> <\/label>\n<\/p>\n<p><label> Disponibilit\u00e9<br \/>\n<span class=\"wpcf7-form-control-wrap\" data-name=\"menu-107\"><select class=\"wpcf7-form-control wpcf7-select\" aria-invalid=\"false\" name=\"menu-107\"><option value=\"\"><\/option><option value=\"Imm\u00e9diate\">Imm\u00e9diate<\/option><option value=\"1 \u00e0 2 semaines\">1 \u00e0 2 semaines<\/option><option value=\"2 \u00e0 3 semaines\">2 \u00e0 3 semaines<\/option><option value=\"1 mois\">1 mois<\/option><option value=\"Plus d&#039;un mois\">Plus d&#039;un mois<\/option><\/select><\/span> <\/label>\n<\/p>\n<p><label> Mobilit\u00e9<br \/>\n<span class=\"wpcf7-form-control-wrap\" data-name=\"menu-281\"><select class=\"wpcf7-form-control wpcf7-select\" aria-invalid=\"false\" name=\"menu-281\"><option value=\"\"><\/option><option value=\"Nationale\">Nationale<\/option><option value=\"Internationale\">Internationale<\/option><option value=\"Ville de r\u00e9sidence\">Ville de r\u00e9sidence<\/option><\/select><\/span> <\/label>\n<\/p>\n<p><label> Votre message<br \/>\n<span class=\"wpcf7-form-control-wrap\" data-name=\"your-message\"><textarea cols=\"40\" rows=\"10\" maxlength=\"2000\" class=\"wpcf7-form-control wpcf7-textarea\" aria-invalid=\"false\" name=\"your-message\"><\/textarea><\/span> <\/label>\n<\/p>\n<p><label> Votre CV<br \/>\n<span class=\"wpcf7-form-control-wrap\" data-name=\"file-564\"><input size=\"40\" class=\"wpcf7-form-control wpcf7-file wpcf7-validates-as-required\" accept=\"audio\/*,video\/*,image\/*\" aria-required=\"true\" aria-invalid=\"false\" type=\"file\" name=\"file-564\" \/><\/span><br \/>\n<input class=\"wpcf7-form-control wpcf7-submit has-spinner\" type=\"submit\" value=\"Postulez\" \/><\/label>\n<\/p><div class=\"wpcf7-response-output\" aria-hidden=\"true\"><\/div>\n<\/form>\n<\/div>\n[\/vc_column_inner][\/vc_row_inner][\/vc_column][vc_column width=&#8221;1\/3&#8243;][vc_video link=&#8221;https:\/\/www.youtube.com\/watch?v=tFW8oC2q-Q0&#8243; title=&#8221;T\u00e9moignage&#8221;][vc_column_text]<\/p>\n<div style=\"padding: 20px 20px 20px 20px; background: #e29908; color: #ffffff; border-radius: 5px;\">\n<h5 style=\"color: #ffffff;\">Besoin d&#8217;aide?<\/h5>\n<p>N&#8217;h\u00e9sitez pas \u00e0 nous contacter. Nous vous r\u00e9pondrons dans un d\u00e9lai de 1 \u00e0 2 jours ouvrables.<\/p>\n<p>recruitment@briv-solutions.com<\/p>\n<\/div>\n<p>[\/vc_column_text]<div class=\"social-box\" style=\"text-align:center\">\n\t<a target=\"_blank\" href=\"https:\/\/twitter.com\/home?status=https:\/\/briv-solutions.com\/index.php\/chef-de-projet-sirh\/\"><i class=\"fab fa-twitter social-share-box\"><\/i><\/a>\n    <a target=\"_blank\" href=\"https:\/\/www.facebook.com\/sharer\/sharer.php?u=https:\/\/briv-solutions.com\/index.php\/chef-de-projet-sirh\/\" title=\"facebook\"><i class=\"fab fa-facebook-f social-share-box\"><\/i><\/a>\n    <a target=\"_blank\" href=\"https:\/\/pinterest.com\/pin\/create\/button\/?url=https:\/\/briv-solutions.com\/index.php\/chef-de-projet-sirh\/&media=&description=\"><i class=\"fab fa-pinterest-p social-share-box\"><\/i><\/a>\n    <a target=\"_blank\" href=\"https:\/\/plus.google.com\/share?url=https:\/\/briv-solutions.com\/index.php\/chef-de-projet-sirh\/\"><i class=\"fab fa-google-plus-g social-share-box\"><\/i><\/a>\n    <a target=\"_blank\" href=\"mailto:?subject=\"><i class=\"far fa-envelope social-share-box\"><\/i><\/a>\n    <\/div>[\/vc_column][\/vc_row]<\/p>\n","protected":false},"excerpt":{"rendered":"<p>[vc_row row_content_display=&#8221;in_grid&#8221; row_content_display_align=&#8221;left&#8221; row_type=&#8221;row&#8221; stretch_row_type=&#8221;yes&#8221; css=&#8221;.vc_custom_1523897006813{padding-top: 50px !important;padding-bottom: 50px !important;}&#8221;][vc_column width=&#8221;2\/3&#8243;][vc_column_text] BVS\u00ae\u00a0est un cabinet conseil pluridisciplinaire fond\u00e9 en par\u00a0une \u00e9quipe de plus de 10 ans d\u2019exp\u00e9rience sur le march\u00e9\u00a0qui offre une expertise de plusieurs ann\u00e9es dans le domaine de recrutement, la gestion de projet, les syst\u00e8mes d\u2019information et les syst\u00e8mes d\u2019informations g\u00e9ographiques. Nous sommes principalement [&hellip;]<\/p>\n","protected":false},"author":2,"featured_media":0,"parent":0,"menu_order":0,"comment_status":"closed","ping_status":"closed","template":"","meta":{"_bbp_topic_count":0,"_bbp_reply_count":0,"_bbp_total_topic_count":0,"_bbp_total_reply_count":0,"_bbp_voice_count":0,"_bbp_anonymous_reply_count":0,"_bbp_topic_count_hidden":0,"_bbp_reply_count_hidden":0,"_bbp_forum_subforum_count":0,"footnotes":""},"class_list":["post-459","page","type-page","status-publish","hentry"],"_links":{"self":[{"href":"https:\/\/briv-solutions.com\/index.php\/wp-json\/wp\/v2\/pages\/459","targetHints":{"allow":["GET"]}}],"collection":[{"href":"https:\/\/briv-solutions.com\/index.php\/wp-json\/wp\/v2\/pages"}],"about":[{"href":"https:\/\/briv-solutions.com\/index.php\/wp-json\/wp\/v2\/types\/page"}],"author":[{"embeddable":true,"href":"https:\/\/briv-solutions.com\/index.php\/wp-json\/wp\/v2\/users\/2"}],"replies":[{"embeddable":true,"href":"https:\/\/briv-solutions.com\/index.php\/wp-json\/wp\/v2\/comments?post=459"}],"version-history":[{"count":11,"href":"https:\/\/briv-solutions.com\/index.php\/wp-json\/wp\/v2\/pages\/459\/revisions"}],"predecessor-version":[{"id":491,"href":"https:\/\/briv-solutions.com\/index.php\/wp-json\/wp\/v2\/pages\/459\/revisions\/491"}],"wp:attachment":[{"href":"https:\/\/briv-solutions.com\/index.php\/wp-json\/wp\/v2\/media?parent=459"}],"curies":[{"name":"wp","href":"https:\/\/api.w.org\/{rel}","templated":true}]}}